{"id":208,"date":"2021-04-16T10:19:01","date_gmt":"2021-04-16T08:19:01","guid":{"rendered":"https:\/\/www.oberonshop.sk\/?page_id=208"},"modified":"2021-04-16T14:41:55","modified_gmt":"2021-04-16T12:41:55","slug":"inspiracie","status":"publish","type":"page","link":"https:\/\/www.oberonshop.sk\/?page_id=208","title":{"rendered":"In\u0161pir\u00e1cie"},"content":{"rendered":"<p>[et_pb_section fb_built=&#8220;1&#8243; custom_padding_last_edited=&#8220;off|desktop&#8220; admin_label=&#8220;Hero&#8220; _builder_version=&#8220;3.22&#8243; use_background_color_gradient=&#8220;on&#8220; background_color_gradient_start=&#8220;#8834fd&#8220; background_color_gradient_end=&#8220;#c756ec&#8220; background_color_gradient_direction=&#8220;60deg&#8220; custom_padding=&#8220;100px|0px|0px|0px&#8220; box_shadow_style=&#8220;preset7&#8243; box_shadow_horizontal=&#8220;0px&#8220; box_shadow_vertical=&#8220;-100px&#8220; box_shadow_color=&#8220;#ffffff&#8220;][\/et_pb_section][et_pb_section fb_built=&#8220;1&#8243; admin_label=&#8220;Our Mission&#8220; _builder_version=&#8220;3.22&#8243; custom_padding=&#8220;100px|0px|100px|0px&#8220;][et_pb_row _builder_version=&#8220;3.25&#8243; column_structure=&#8220;1_2,1_2&#8243;][et_pb_column type=&#8220;1_2&#8243; _builder_version=&#8220;3.25&#8243; custom_padding=&#8220;|||&#8220; custom_padding__hover=&#8220;|||&#8220;][et_pb_text _builder_version=&#8220;3.27.4&#8243; text_font=&#8220;||||||||&#8220; text_font_size=&#8220;16px&#8220; text_line_height=&#8220;1.8em&#8220; header_font=&#8220;||||||||&#8220; header_2_font=&#8220;Poppins||||||||&#8220; header_2_font_size=&#8220;28px&#8220; header_2_line_height=&#8220;1.4em&#8220; header_3_font=&#8220;||||||||&#8220; module_alignment=&#8220;center&#8220; locked=&#8220;off&#8220;]<\/p>\n<h2>In\u0161pir\u00e1cie<\/h2>\n<p>Tu n\u00e1jdete internetov\u00e9 obchody prepojen\u00e9 s Oberonom. Mo\u017eno v\u00e1s prekvap\u00ed, ko\u013eko \u00faspe\u0161n\u00fdch eshopov pou\u017e\u00edva syst\u00e9m OBERON v kombin\u00e1cii s Prestashopom.<\/p>\n<p>Riadenie stavu z\u00e1sob, vytv\u00e1ranie a spr\u00e1va skladov\u00fdch kariet, kateg\u00f3ri\u00ed, obr\u00e1zkov, import objedn\u00e1vok pre faktur\u00e1ciu, spr\u00e1va roz\u0161\u00edrenej cenotvorby a \u010fal\u0161ie funkcie &#8211;\u00a0 to v\u0161etko rob\u00ed z prepojenia Oberonu a PrestaShopu spr\u00e1vnu vo\u013ebu pre prev\u00e1dzkovanie maloobchodn\u00e9ho eshopu alebo aj spo\u013eahlivej ve\u013ekoobchodnej platformy.<\/p>\n<p>[\/et_pb_text][\/et_pb_column][et_pb_column type=&#8220;1_2&#8243; _builder_version=&#8220;3.25&#8243; custom_padding=&#8220;|||&#8220; custom_padding__hover=&#8220;|||&#8220;][et_pb_image src=&#8220;https:\/\/www.oberonshop.sk\/wp-content\/uploads\/2020\/06\/app-marketing-illustration-03.png&#8220; align_tablet=&#8220;center&#8220; align_last_edited=&#8220;on|desktop&#8220; _builder_version=&#8220;3.23&#8243; animation_style=&#8220;slide&#8220; animation_direction=&#8220;left&#8220; animation_intensity_slide=&#8220;10%&#8220;][\/et_pb_image][\/et_pb_column][\/et_pb_row][\/et_pb_section][et_pb_section fb_built=&#8220;1&#8243; admin_label=&#8220;Portfolio&#8220; _builder_version=&#8220;3.22&#8243; custom_padding=&#8220;100px|0px|100px|0px&#8220;][et_pb_row _builder_version=&#8220;4.9.4&#8243; _module_preset=&#8220;default&#8220; column_structure=&#8220;1_3,1_3,1_3&#8243;][et_pb_column _builder_version=&#8220;4.9.4&#8243; _module_preset=&#8220;default&#8220; type=&#8220;1_3&#8243;][et_pb_blurb title=&#8220;Comodo Concept&#8220; image=&#8220;https:\/\/www.oberonshop.sk\/wp-content\/uploads\/2021\/04\/db0173cc6f0d482b86d9325766c7c4ab_23_960.jpg&#8220; _builder_version=&#8220;4.9.4&#8243; _module_preset=&#8220;default&#8220; title_text=&#8220;db0173cc6f0d482b86d9325766c7c4ab_23_960&#8243; url=&#8220;https:\/\/comododoncept.sk&#8220; url_new_window=&#8220;on&#8220; link_option_url=&#8220;https:\/\/comododoncept.sk&#8220; link_option_url_new_window=&#8220;on&#8220; hover_enabled=&#8220;0&#8243; sticky_enabled=&#8220;0&#8243;]<\/p>\n<p>Eshop ako doplnok kamenn\u00fdch predajn\u00ed firmy Comodo Concept zo \u017diliny. \u010cist\u00fd dizajn a kvalitn\u00e9 fotografie skvelo dop\u013a\u0148aj\u00fa celkov\u00fa koncepciu predajn\u00ed v \u017diline a Trnave. Eshop be\u017e\u00ed na PrestaShope verzie 1.7 a je kompletne obsluhovan\u00fd z Oberonu. Vytv\u00e1ranie kariet, prid\u00e1vanie obr\u00e1zkov ako aj spr\u00e1va akciov\u00fdch cien prostredn\u00edctvom pravidiel roz\u0161\u00edrenej cenotvorby o v\u0161etky tieto \u010dinnosti sa star\u00e1 Oberon.<\/p>\n<p><a href=\"https:\/\/comodoconcept.sk\">https:\/\/comodoconcept.sk<\/a><\/p>\n<p>&nbsp;<\/p>\n<p>[\/et_pb_blurb][\/et_pb_column][et_pb_column _builder_version=&#8220;4.9.4&#8243; _module_preset=&#8220;default&#8220; type=&#8220;1_3&#8243;][et_pb_blurb title=&#8220;Jogashop.sk&#8220; image=&#8220;https:\/\/www.oberonshop.sk\/wp-content\/uploads\/2021\/04\/241013_jogashopsk_23_960.jpg&#8220; _builder_version=&#8220;4.9.4&#8243; _module_preset=&#8220;default&#8220; title_text=&#8220;241013_jogashopsk_23_960&#8243; url=&#8220;https:\/\/jogashop.sk&#8220; url_new_window=&#8220;on&#8220; link_option_url=&#8220;https:\/\/jogashop.sk&#8220; link_option_url_new_window=&#8220;on&#8220; hover_enabled=&#8220;0&#8243; sticky_enabled=&#8220;0&#8243;]<\/p>\n<p>Eshop pon\u00fakaj\u00faci v\u0161etko pre jogu a vhodne doplnen\u00fd o v\u00fdrobky organickej kozmetiky. O spo\u013eahliv\u00fa funk\u010dnos\u0165 sa star\u00e1 PrestaShop verzie 1.7 a spr\u00e1vu skladov\u00fdch kariet, kateg\u00f3ri\u00ed obr\u00e1zkov&#8230; Oberon. Eshop je napojen\u00fd na Z\u00e1sielkov\u0148u a 123kuri\u00e9r pre jednoduch\u00fa exped\u00edciu objedn\u00e1vok. Pou\u017eit\u00e9 marketingov\u00e9 kan\u00e1ly: Heureka, Glami, Google shopping a samozrejme Facebook a Instagram shop.<\/p>\n<p><a href=\"https:\/\/jogashop.sk\" target=\"_blank\" rel=\"noopener\">https:\/\/jogashop.sk<\/a><\/p>\n<p>&nbsp;<\/p>\n<p>[\/et_pb_blurb][\/et_pb_column][et_pb_column _builder_version=&#8220;4.9.4&#8243; _module_preset=&#8220;default&#8220; type=&#8220;1_3&#8243;][et_pb_blurb title=&#8220;DoktorVinyl.sk&#8220; image=&#8220;https:\/\/www.oberonshop.sk\/wp-content\/uploads\/2021\/04\/e865a57d9f174bc095f242e94e21c03c_23_960.jpg&#8220; _builder_version=&#8220;4.9.4&#8243; _module_preset=&#8220;default&#8220; title_text=&#8220;e865a57d9f174bc095f242e94e21c03c_23_960&#8243; url=&#8220;https:\/\/doktorvinyl.sk&#8220; url_new_window=&#8220;on&#8220; link_option_url=&#8220;https:\/\/doktorvinyl.sk&#8220; link_option_url_new_window=&#8220;on&#8220; hover_enabled=&#8220;0&#8243; sticky_enabled=&#8220;0&#8243;]<\/p>\n<p>Pozn\u00e1te koncept Doktor Vinyl? Jedn\u00e1 sa o \u0161t\u00fdlov\u00fd pr\u00edves prestavan\u00fd na pojazdn\u00fa predaj\u0148u br\u00e1zdiacu parkovisk\u00e1 v r\u00e1mci Bratislavy, r\u00f4zne hudobn\u00e9 festivaly a podobne. Mo\u017eno ste nevedeli, \u017ee o spr\u00e1vu skladov\u00fdch z\u00e1sob, \u00fa\u010dtovanie a najnov\u0161ie aj beh eshopu sa star\u00e1 pr\u00e1ve Oberon. V obdob\u00ed koronakr\u00edzy bola t\u00e1to \u0161t\u00fdlov\u00e1 predaj\u0148a doplnen\u00e1 Eshop pon\u00fakaj\u00faci LP vinylov\u00e9 platne v\u0161etk\u00fdch \u017e\u00e1nrov. O reklamn\u00e9 posilnenie predaja sa star\u00e1 FB a IG shop a samozrejme Google shopping.<\/p>\n<p><a href=\"https:\/\/doktorvinyl.sk\" target=\"_blank\" rel=\"noopener\">https:\/\/doktorvinyl.sk<\/a><\/p>\n<p>&nbsp;<\/p>\n<p>[\/et_pb_blurb][\/et_pb_column][\/et_pb_row][et_pb_row _builder_version=&#8220;4.9.4&#8243; _module_preset=&#8220;default&#8220; column_structure=&#8220;1_3,1_3,1_3&#8243;][et_pb_column _builder_version=&#8220;4.9.4&#8243; _module_preset=&#8220;default&#8220; type=&#8220;1_3&#8243;][et_pb_blurb title=&#8220;ForCar.sk&#8220; image=&#8220;https:\/\/www.oberonshop.sk\/wp-content\/uploads\/2021\/04\/19be964b396740bb84dbb3610c9be65f_23_960.jpg&#8220; _builder_version=&#8220;4.9.4&#8243; _module_preset=&#8220;default&#8220; title_text=&#8220;19be964b396740bb84dbb3610c9be65f_23_960&#8243; url=&#8220;https:\/\/forcar.sk&#8220; url_new_window=&#8220;on&#8220; link_option_url=&#8220;https:\/\/forcar.sk&#8220; link_option_url_new_window=&#8220;on&#8220; hover_enabled=&#8220;0&#8243; sticky_enabled=&#8220;0&#8243;]<\/p>\n<p>\u0160irok\u00fa ponuku autodoplnkov, autopr\u00edslu\u0161enstva, autokozmetiky, v\u0161etko pre va\u0161e auto pred\u00e1va eshop forCar.sk. Viac ne\u017e 20000 produktov a cca 5000 objedn\u00e1vok vybaven\u00fdch ro\u010dne, to v\u0161etko spravuje PrestaShop verzie 1.7 v kombin\u00e1cii s Oberonom. Pou\u017eit\u00e9 marketingov\u00e9 kan\u00e1ly: Heureka, Google Shopping a Facebook shop. O spo\u013eahliv\u00e9 doru\u010denie z\u00e1sielok sa star\u00e1 kuri\u00e9rska spolo\u010dnos\u0165 123kurier.sk<\/p>\n<p><a href=\"https:\/\/forcar.sk\" target=\"_blank\" rel=\"noopener\">https:\/\/forcar.sk<\/a><\/p>\n<p>&nbsp;<\/p>\n<p>[\/et_pb_blurb][\/et_pb_column][et_pb_column _builder_version=&#8220;4.9.4&#8243; _module_preset=&#8220;default&#8220; type=&#8220;1_3&#8243;][et_pb_blurb title=&#8220;123kociky.sk&#8220; image=&#8220;https:\/\/www.oberonshop.sk\/wp-content\/uploads\/2021\/04\/b8bb68acf6fd42ddb665306e5e38299b_23_960.jpg&#8220; _builder_version=&#8220;4.9.4&#8243; _module_preset=&#8220;default&#8220; title_text=&#8220;b8bb68acf6fd42ddb665306e5e38299b_23_960&#8243; url=&#8220;https:\/\/123kociky.sk&#8220; url_new_window=&#8220;on&#8220; link_option_url=&#8220;https:\/\/123kociky.sk&#8220; link_option_url_new_window=&#8220;on&#8220; hover_enabled=&#8220;0&#8243; sticky_enabled=&#8220;0&#8243;]<\/p>\n<p>Kamenn\u00e1 predaj\u0148a 123ko\u010d\u00edky doplnen\u00e1 o kr\u00e1sny dizajnov\u00fd eshop pon\u00faka v\u0161etko pre najmen\u0161\u00edch. Od cuml\u00edkov, cez autoseda\u010dky, oble\u010denie, hra\u010dky a\u017e po v n\u00e1zve spomenut\u00e9 ko\u010d\u00edky. Spo\u013eahliv\u00fa prev\u00e1dzku tohto rokmi a z\u00e1kazn\u00edkmi overen\u00e9ho eshopu zabezpe\u010duje okrem zanieten\u00e9ho majite\u013ea aj syst\u00e9m Oberon v prepojen\u00ed s Prestashopom najnov\u0161ej verzie 1.7.<\/p>\n<p><a href=\"https:\/\/123kociky.sk\" target=\"_blank\" rel=\"noopener\">https:\/\/123kociky.sk<\/a><\/p>\n<p>&nbsp;<\/p>\n<p>[\/et_pb_blurb][\/et_pb_column][et_pb_column _builder_version=&#8220;4.9.4&#8243; _module_preset=&#8220;default&#8220; type=&#8220;1_3&#8243;][et_pb_blurb title=&#8220;Carta.sk&#8220; image=&#8220;https:\/\/www.oberonshop.sk\/wp-content\/uploads\/2021\/04\/4d4ab23afba941b48629f1982e0208b8_23_960.jpg&#8220; _builder_version=&#8220;4.9.4&#8243; _module_preset=&#8220;default&#8220; title_text=&#8220;4d4ab23afba941b48629f1982e0208b8_23_960&#8243; url=&#8220;https:\/\/carta.sk&#8220; url_new_window=&#8220;on&#8220; link_option_url=&#8220;https:\/\/carta.sk&#8220; link_option_url_new_window=&#8220;on&#8220; hover_enabled=&#8220;0&#8243; sticky_enabled=&#8220;0&#8243;]<\/p>\n<p>Spolo\u010dnos\u0165 Carta z Ru\u017eomberka sa zaober\u00e1 maloobchodn\u00fdm a ve\u013ekoobchodn\u00fdm predajom papierensk\u00e9ho tovaru, kancel\u00e1rskych potrieb, \u0161kolsk\u00fdch potrieb a podobne. V minulom roku svoje slu\u017eby roz\u0161\u00edrila aj na predaj cez internet prostredn\u00edctvom eshopu carta.sk be\u017eiacim na PrestaShope 1.7.\u00a0<\/p>\n<p><a href=\"https:\/\/carta.sk\" target=\"_blank\" rel=\"noopener\">https:\/\/carta.sk<\/a><\/p>\n<p>&nbsp;<\/p>\n<p>[\/et_pb_blurb][\/et_pb_column][\/et_pb_row][et_pb_row _builder_version=&#8220;4.9.4&#8243; _module_preset=&#8220;default&#8220; column_structure=&#8220;1_3,1_3,1_3&#8243;][et_pb_column _builder_version=&#8220;4.9.4&#8243; _module_preset=&#8220;default&#8220; type=&#8220;1_3&#8243;][et_pb_blurb title=&#8220;Dozsa.sk&#8220; image=&#8220;https:\/\/www.oberonshop.sk\/wp-content\/uploads\/2021\/04\/293c54fafa7246ab99b3ed1beb32fd87_23_960.jpg&#8220; _builder_version=&#8220;4.9.4&#8243; _module_preset=&#8220;default&#8220; title_text=&#8220;293c54fafa7246ab99b3ed1beb32fd87_23_960&#8243; url=&#8220;https:\/\/dozsa.sk&#8220; url_new_window=&#8220;on&#8220; link_option_url=&#8220;https:\/\/dozsa.sk&#8220; link_option_url_new_window=&#8220;on&#8220; hover_enabled=&#8220;0&#8243; sticky_enabled=&#8220;0&#8243;]<\/p>\n<p><span>Hlavn\u00fdm predmetom \u010dinnosti firmy DOZSA, s. r. o., je distrib\u00facia zna\u010dkov\u00e9ho alkoholu a predaj doplnkov\u00e9ho sortimentu. Tri distribu\u010dn\u00e9 stredisk\u00e1 schopn\u00e9 pokry\u0165 dod\u00e1vky na \u00fazem\u00ed cel\u00e9ho Slovenska do 48 hod\u00edn si vy\u017eaduj\u00fa sie\u0165 obchodn\u00fdch z\u00e1stupcov s neust\u00e1lym pr\u00edstupom do datab\u00e1zy. Do tohoto konceptu pribudol v roku 2020 nov\u00fd eshop pripojen\u00fd na Oberon.\u00a0<\/span><\/p>\n<p><a href=\"https:\/\/dozsa.sk\" target=\"_blank\" rel=\"noopener\">https:\/\/dozsa.sk<\/a><\/p>\n<p>&nbsp;<\/p>\n<p>[\/et_pb_blurb][\/et_pb_column][et_pb_column _builder_version=&#8220;4.9.4&#8243; _module_preset=&#8220;default&#8220; type=&#8220;1_3&#8243;][et_pb_blurb title=&#8220;Magnifique Fashion&#8220; image=&#8220;https:\/\/www.oberonshop.sk\/wp-content\/uploads\/2021\/04\/bf6171274a474313968a6ba98b13ed61_23_960.jpg&#8220; _builder_version=&#8220;4.9.4&#8243; _module_preset=&#8220;default&#8220; title_text=&#8220;bf6171274a474313968a6ba98b13ed61_23_960&#8243; url=&#8220;https:\/\/magnifique-fashion.sk\/&#8220; url_new_window=&#8220;on&#8220; link_option_url=&#8220;https:\/\/magnifique-fashion.sk\/&#8220; link_option_url_new_window=&#8220;on&#8220; hover_enabled=&#8220;0&#8243; sticky_enabled=&#8220;0&#8243;]<\/p>\n<p>Ku dvom kamenn\u00fdm predajniam v \u017diline a v Martine v roku 2021 pribudol \u0161t\u00fdlov\u00fd eshop. Firma pred\u00e1vaj\u00faca exkluz\u00edvne d\u00e1mske oble\u010denie, sa od svojho vzniku spolieha na syst\u00e9m Oberon, preto bola prv\u00e1 vo\u013eba pri v\u00fdbere eshopov\u00e9ho rie\u0161enia pr\u00e1ve Prestashop vo verzii 1.7.\u00a0 O bezpe\u010dn\u00e9 a r\u00fdchle doru\u010denie zabezpe\u010duje 123kuri\u00e9r doplnen\u00fd o v\u00fddajn\u00e9 miesta spolo\u010dnosti Z\u00e1sielkov\u0148a. \u00a0<\/p>\n<p><a href=\"https:\/\/magnifique-fashion.sk\/\" target=\"_blank\" rel=\"noopener\">https:\/\/magnifique-fashion.sk<\/a><\/p>\n<p>&nbsp;<\/p>\n<p>[\/et_pb_blurb][\/et_pb_column][et_pb_column _builder_version=&#8220;4.9.4&#8243; _module_preset=&#8220;default&#8220; type=&#8220;1_3&#8243;][et_pb_blurb title=&#8220;RS-tuning.sk&#8220; image=&#8220;https:\/\/www.oberonshop.sk\/wp-content\/uploads\/2021\/04\/0e252166ca12439eafa6a4c029eba221_23_960.jpg&#8220; _builder_version=&#8220;4.9.4&#8243; _module_preset=&#8220;default&#8220; title_text=&#8220;0e252166ca12439eafa6a4c029eba221_23_960&#8243; url=&#8220;https:\/\/rs-tuning.sk&#8220; url_new_window=&#8220;on&#8220; link_option_url=&#8220;https:\/\/rs-tuning.sk&#8220; link_option_url_new_window=&#8220;on&#8220; hover_enabled=&#8220;0&#8243; sticky_enabled=&#8220;0&#8243;]<\/p>\n<p>Str\u00e1nka pre v\u0161etk\u00fdch nad\u0161encov tuningu a racingu. Kamenn\u00e1 predaj\u0148a vo Zvolene podporen\u00e1 eshopom PrestaShop vo verzii 1.6. Spo\u013eahliv\u00fd chod skladu a \u00fa\u010dtovn\u00edctva, ako aj prepojenie s internetov\u00fdm obchodom zabezpe\u010duje samozrejme Oberon.\u00a0<\/p>\n<p><a href=\"https:\/\/rs-tuning.sk\" target=\"_blank\" rel=\"noopener\">https:\/\/rs-tuning.sk<\/a><\/p>\n<p>&nbsp;<\/p>\n<p>[\/et_pb_blurb][\/et_pb_column][\/et_pb_row][\/et_pb_section]<\/p>\n","protected":false},"excerpt":{"rendered":"<p>In\u0161pir\u00e1cie Tu n\u00e1jdete internetov\u00e9 obchody prepojen\u00e9 s Oberonom. Mo\u017eno v\u00e1s prekvap\u00ed, ko\u013eko \u00faspe\u0161n\u00fdch eshopov pou\u017e\u00edva syst\u00e9m OBERON v kombin\u00e1cii s Prestashopom. Riadenie stavu z\u00e1sob, vytv\u00e1ranie a spr\u00e1va skladov\u00fdch kariet, kateg\u00f3ri\u00ed, obr\u00e1zkov, import objedn\u00e1vok pre faktur\u00e1ciu, spr\u00e1va roz\u0161\u00edrenej cenotvorby a \u010fal\u0161ie funkcie &#8211;\u00a0 to v\u0161etko rob\u00ed z prepojenia Oberonu a PrestaShopu spr\u00e1vnu vo\u013ebu pre prev\u00e1dzkovanie maloobchodn\u00e9ho [&hellip;]<\/p>\n","protected":false},"author":1,"featured_media":0,"parent":0,"menu_order":0,"comment_status":"closed","ping_status":"closed","template":"","meta":{"_et_pb_use_builder":"on","_et_pb_old_content":"","_et_gb_content_width":""},"_links":{"self":[{"href":"https:\/\/www.oberonshop.sk\/index.php?rest_route=\/wp\/v2\/pages\/208"}],"collection":[{"href":"https:\/\/www.oberonshop.sk\/index.php?rest_route=\/wp\/v2\/pages"}],"about":[{"href":"https:\/\/www.oberonshop.sk\/index.php?rest_route=\/wp\/v2\/types\/page"}],"author":[{"embeddable":true,"href":"https:\/\/www.oberonshop.sk\/index.php?rest_route=\/wp\/v2\/users\/1"}],"replies":[{"embeddable":true,"href":"https:\/\/www.oberonshop.sk\/index.php?rest_route=%2Fwp%2Fv2%2Fcomments&post=208"}],"version-history":[{"count":7,"href":"https:\/\/www.oberonshop.sk\/index.php?rest_route=\/wp\/v2\/pages\/208\/revisions"}],"predecessor-version":[{"id":246,"href":"https:\/\/www.oberonshop.sk\/index.php?rest_route=\/wp\/v2\/pages\/208\/revisions\/246"}],"wp:attachment":[{"href":"https:\/\/www.oberonshop.sk\/index.php?rest_route=%2Fwp%2Fv2%2Fmedia&parent=208"}],"curies":[{"name":"wp","href":"https:\/\/api.w.org\/{rel}","templated":true}]}}