{"id":29,"date":"2020-06-01T13:42:10","date_gmt":"2020-06-01T11:42:10","guid":{"rendered":"https:\/\/www.oberonshop.sk\/?page_id=29"},"modified":"2020-08-17T13:34:29","modified_gmt":"2020-08-17T11:34:29","slug":"hlavna-stranka","status":"publish","type":"page","link":"https:\/\/www.oberonshop.sk\/","title":{"rendered":"Hlavn\u00e1 str\u00e1nka"},"content":{"rendered":"<p>[et_pb_section fb_built=&#8220;1&#8243; admin_label=&#8220;Hero&#8220; _builder_version=&#8220;4.4.7&#8243; use_background_color_gradient=&#8220;on&#8220; background_color_gradient_start=&#8220;#8834fd&#8220; background_color_gradient_end=&#8220;#c756ec&#8220; background_color_gradient_direction=&#8220;60deg&#8220; background_image=&#8220;https:\/\/www.oberonshop.sk\/wp-content\/uploads\/2020\/06\/slide4-bg.jpg&#8220; custom_padding=&#8220;5px|0px|100px|0px||&#8220;][et_pb_row column_structure=&#8220;1_2,1_2&#8243; _builder_version=&#8220;3.25&#8243; min_height=&#8220;527px&#8220; custom_margin=&#8220;|auto|-56px|auto||&#8220; custom_padding=&#8220;||11px|||&#8220;][et_pb_column type=&#8220;1_2&#8243; _builder_version=&#8220;3.25&#8243; custom_padding=&#8220;||60px|&#8220; custom_padding__hover=&#8220;|||&#8220;][et_pb_text _builder_version=&#8220;4.4.7&#8243; text_font=&#8220;Quicksand|600||on|||||&#8220; text_text_color=&#8220;#552b83&#8243; text_font_size=&#8220;25px&#8220; text_line_height=&#8220;1.8em&#8220; header_font=&#8220;Open Sans|600|||||||&#8220; header_font_size=&#8220;14px&#8220; background_layout=&#8220;dark&#8220; max_width=&#8220;550px&#8220; min_height=&#8220;14px&#8220; custom_margin=&#8220;107px|||||&#8220; custom_padding=&#8220;|||&#8220;]<\/p>\n<p>Roz\u0161\u00edrime va\u0161e podnikanie na web<\/p>\n<p>[\/et_pb_text][et_pb_text _builder_version=&#8220;4.4.7&#8243; text_font=&#8220;Open Sans|600|||||||&#8220; text_font_size=&#8220;16px&#8220; text_line_height=&#8220;1.8em&#8220; header_font=&#8220;Poppins||||||||&#8220; header_font_size=&#8220;36px&#8220; header_line_height=&#8220;1.4em&#8220; background_layout=&#8220;dark&#8220; max_width=&#8220;550px&#8220;]<\/p>\n<h1><span style=\"color: #552b83;\">Oberon + Prestashop<\/span><\/h1>\n<p><span style=\"color: #552b83;\">pou\u017e\u00edvate \u00fa\u010dtovn\u00fd syst\u00e9m OBERON a chceli by ste Va\u0161e podnikanie roz\u0161\u00edri\u0165 o internetov\u00fd obchod? U n\u00e1s ste na spr\u00e1vnej adrese.<\/span><\/p>\n<h1><\/h1>\n<p>[\/et_pb_text][\/et_pb_column][et_pb_column type=&#8220;1_2&#8243; _builder_version=&#8220;3.25&#8243; custom_padding=&#8220;|||&#8220; custom_padding__hover=&#8220;|||&#8220;][et_pb_image src=&#8220;https:\/\/www.oberonshop.sk\/wp-content\/uploads\/2020\/06\/oberon_home_slide_web_new-1.png&#8220; title_text=&#8220;oberon_home_slide_web_new-1&#8243; show_bottom_space=&#8220;off&#8220; force_fullwidth=&#8220;on&#8220; align_tablet=&#8220;center&#8220; align_phone=&#8220;&#8220; align_last_edited=&#8220;on|desktop&#8220; _builder_version=&#8220;4.4.7&#8243; min_height=&#8220;419px&#8220; custom_margin=&#8220;||-2px|||&#8220; custom_padding=&#8220;||0px|||&#8220; animation_style=&#8220;slide&#8220; animation_direction=&#8220;left&#8220; animation_intensity_slide=&#8220;10%&#8220;][\/et_pb_image][\/et_pb_column][\/et_pb_row][\/et_pb_section][et_pb_section fb_built=&#8220;1&#8243; admin_label=&#8220;Features&#8220; _builder_version=&#8220;4.5.6&#8243; custom_margin=&#8220;57px|||0px|false|false&#8220; custom_padding=&#8220;1px|0px|100px|0px||&#8220;][et_pb_row column_structure=&#8220;1_2,1_2&#8243; _builder_version=&#8220;4.5.6&#8243; custom_margin=&#8220;|auto|-23px|auto||&#8220; custom_padding=&#8220;||0px|||&#8220;][et_pb_column type=&#8220;1_2&#8243; _builder_version=&#8220;3.25&#8243; custom_padding=&#8220;|||&#8220; custom_padding__hover=&#8220;|||&#8220;][et_pb_text _builder_version=&#8220;4.5.6&#8243; text_font=&#8220;||||||||&#8220; text_font_size=&#8220;16px&#8220; text_line_height=&#8220;1.8em&#8220; header_font=&#8220;||||||||&#8220; header_2_font=&#8220;Poppins||||||||&#8220; header_2_font_size=&#8220;28px&#8220; header_2_line_height=&#8220;1.4em&#8220; header_3_font=&#8220;||||||||&#8220; text_orientation=&#8220;center&#8220; width=&#8220;81%&#8220; max_width=&#8220;700px&#8220; module_alignment=&#8220;center&#8220;]<\/p>\n<h2>\u010co je OBERON a PrestaShop?<\/h2>\n<p>Oberon je kompletn\u00e1 agenda firmy v jednom programe od firmy EXALOGIC. V programe n\u00e1jdete kompletn\u00fa spr\u00e1vu \u00fa\u010dtovn\u00edctva, skladov\u00fa evidenciu, pokladnicu, spracovanie miezd, hotelov\u00fa recepciu, CRM, evidenciu vozidiel &#8230;&#8230; proste kompletne vybaven\u00fd u\u017e\u00edvate\u013esky pr\u00edvetiv\u00fd, roz\u0161\u00edrite\u013en\u00fd \u00fa\u010dtovn\u00fd softv\u00e9r pre v\u0161etky mo\u017en\u00e9 odvetvia obchodu, slu\u017eieb, v\u00fdroby &#8230; viac inform\u00e1ci\u00ed a program na stiahnutie n\u00e1jdete na str\u00e1nke <a href=\"https:\/\/exalogic.sk\/\" target=\"_blank\" rel=\"noopener noreferrer\">EXALOGIC.sk<\/a><\/p>\n<p>Oberon\u00a0 z\u00e1rove\u0148 dok\u00e1\u017ee spravova\u0165 aj internetov\u00fd obchod na platforme PrestaShop, ktor\u00e1 je jedna z najpou\u017e\u00edvanej\u0161\u00edch ecommerce platforiem na svete. Demoverziu obchodu n\u00e1jdete\u00a0<a href=\"https:\/\/demo.prestashop.com\/#\/en\/front\">TU. <\/a><\/p>\n<p>Jedn\u00e1 sa o z\u00e1kladn\u00fd dizajn, ktor\u00fd je samozrejme mo\u017en\u00e9 zmeni\u0165 presne pod\u013ea va\u0161ich predst\u00e1v, doplni\u0165 o r\u00f4zne nov\u00e9 funkcie, pripoji\u0165 na dopravcov, porovn\u00e1va\u010de tovarov, FaceBook, Google shopping, instagram&#8230;.<\/p>\n<p>&nbsp;<\/p>\n<p>[\/et_pb_text][\/et_pb_column][et_pb_column type=&#8220;1_2&#8243; _builder_version=&#8220;3.25&#8243; custom_padding=&#8220;|||&#8220; custom_padding__hover=&#8220;|||&#8220;][et_pb_image src=&#8220;https:\/\/www.oberonshop.sk\/wp-content\/uploads\/2020\/06\/oberonpresta.png&#8220; title_text=&#8220;oberonpresta&#8220; _builder_version=&#8220;4.4.7&#8243;][\/et_pb_image][\/et_pb_column][\/et_pb_row][et_pb_row column_structure=&#8220;1_2,1_4,1_4&#8243; _builder_version=&#8220;4.5.6&#8243; custom_margin=&#8220;|auto|-23px|auto||&#8220; custom_padding=&#8220;||0px|||&#8220; hover_enabled=&#8220;0&#8243;][et_pb_column type=&#8220;1_2&#8243; _builder_version=&#8220;3.25&#8243; custom_padding=&#8220;|||&#8220; custom_padding__hover=&#8220;|||&#8220;][et_pb_image src=&#8220;https:\/\/www.oberonshop.sk\/wp-content\/uploads\/2020\/06\/app-marketing-illustration-03.png&#8220; force_fullwidth=&#8220;on&#8220; align_tablet=&#8220;center&#8220; align_phone=&#8220;&#8220; align_last_edited=&#8220;on|desktop&#8220; _builder_version=&#8220;3.23&#8243; animation_style=&#8220;slide&#8220; animation_direction=&#8220;right&#8220; animation_intensity_slide=&#8220;10%&#8220; locked=&#8220;off&#8220;][\/et_pb_image][\/et_pb_column][et_pb_column type=&#8220;1_4&#8243; _builder_version=&#8220;3.25&#8243; custom_padding=&#8220;|||&#8220; custom_padding__hover=&#8220;|||&#8220;][et_pb_blurb title=&#8220;spr\u00e1va produktov&#8220; image=&#8220;https:\/\/www.oberonshop.sk\/wp-content\/uploads\/2020\/06\/app-marketing-icon-10-6.png&#8220; image_max_width=&#8220;68px&#8220; _builder_version=&#8220;4.4.7&#8243; header_font=&#8220;Poppins|600||on|||||&#8220; header_font_size=&#8220;14px&#8220; header_line_height=&#8220;1.4em&#8220; body_font=&#8220;||||||||&#8220; body_line_height=&#8220;1.8em&#8220; text_orientation=&#8220;center&#8220; max_width_last_edited=&#8220;off|desktop&#8220; animation_style=&#8220;fade&#8220; animation_delay=&#8220;100ms&#8220; animation=&#8220;off&#8220; border_radii_image=&#8220;on|14px|14px|14px|14px&#8220; border_width_all_image=&#8220;2px&#8220; border_color_all_image=&#8220;rgba(0,0,0,0.1)&#8220;]<\/p>\n<p>Do eshopu sa V\u00e1m automaticky prenes\u00fa inform\u00e1cie ako n\u00e1zov, popisy, parametre, ale aj varianty produktov a obr\u00e1zky.<\/p>\n<p>[\/et_pb_blurb][et_pb_blurb title=&#8220;Automatick\u00e9 \u00falohy&#8220; image=&#8220;https:\/\/www.oberonshop.sk\/wp-content\/uploads\/2020\/06\/app-marketing-icon-06-6.png&#8220; image_max_width=&#8220;68px&#8220; _builder_version=&#8220;4.4.7&#8243; header_font=&#8220;Poppins|600||on|||||&#8220; header_font_size=&#8220;14px&#8220; header_line_height=&#8220;1.4em&#8220; body_font=&#8220;||||||||&#8220; body_line_height=&#8220;1.8em&#8220; text_orientation=&#8220;center&#8220; max_width_last_edited=&#8220;off|desktop&#8220; animation_style=&#8220;fade&#8220; animation_delay=&#8220;100ms&#8220; animation=&#8220;off&#8220; border_radii_image=&#8220;on|14px|14px|14px|14px&#8220; border_width_all_image=&#8220;2px&#8220; border_color_all_image=&#8220;rgba(0,0,0,0.1)&#8220;]<\/p>\n<p>Produkty v\u00e1m bud\u00fa v eshope prib\u00fada\u0165 automaticky z Oberonu, ak sa zmen\u00ed cena v oberone, automaticky sa prep\u00ed\u0161e aj v internetovom obchode, ak sa nie\u010do pred\u00e1 alebo sa zmen\u00ed po\u010det na sklade, automaticky sa mno\u017estvo zmen\u00ed aj v eshope.<\/p>\n<p>[\/et_pb_blurb][\/et_pb_column][et_pb_column type=&#8220;1_4&#8243; _builder_version=&#8220;3.25&#8243; custom_padding=&#8220;|||&#8220; custom_padding__hover=&#8220;|||&#8220;][et_pb_blurb title=&#8220;import objedn\u00e1vok&#8220; image=&#8220;https:\/\/www.oberonshop.sk\/wp-content\/uploads\/2020\/06\/app-marketing-icon-07-6.png&#8220; image_max_width=&#8220;68px&#8220; _builder_version=&#8220;3.0.98&#8243; header_font=&#8220;Poppins|600||on|||||&#8220; header_font_size=&#8220;14px&#8220; header_line_height=&#8220;1.4em&#8220; body_font=&#8220;||||||||&#8220; body_line_height=&#8220;1.8em&#8220; text_orientation=&#8220;center&#8220; max_width_last_edited=&#8220;off|desktop&#8220; animation_style=&#8220;fade&#8220; animation_delay=&#8220;100ms&#8220; animation=&#8220;off&#8220; border_radii_image=&#8220;on|14px|14px|14px|14px&#8220; border_width_all_image=&#8220;2px&#8220; border_color_all_image=&#8220;rgba(0,0,0,0.1)&#8220;]<\/p>\n<p>Prijat\u00e9 objedn\u00e1vky sa z eshopu automaticky stiahnu do OBERONU a m\u00f4\u017eete z nich spravi\u0165 fakt\u00faru, dodac\u00ed list a podobne&#8230; u\u017e \u017eiadne dvojit\u00e9 nahadzovanie a r\u00f4zne \u010d\u00edseln\u00e9 rady dokladov&#8230; \u00da\u010dtovn\u00ed\u010dka v\u00e1s bude milova\u0165! (alebo aj nie, ked\u017ee u\u017e nebudete plati\u0165 dvojmo za nahodenie ka\u017ed\u00e9ho nov\u00e9ho dokladu)<\/p>\n<p>[\/et_pb_blurb][et_pb_blurb title=&#8220;Import produktov&#8220; image=&#8220;https:\/\/www.oberonshop.sk\/wp-content\/uploads\/2020\/06\/app-marketing-icon-05-6.png&#8220; image_max_width=&#8220;68px&#8220; _builder_version=&#8220;4.4.7&#8243; header_font=&#8220;Poppins|600||on|||||&#8220; header_font_size=&#8220;14px&#8220; header_line_height=&#8220;1.4em&#8220; body_font=&#8220;||||||||&#8220; body_line_height=&#8220;1.8em&#8220; text_orientation=&#8220;center&#8220; max_width_last_edited=&#8220;off|desktop&#8220; animation_style=&#8220;fade&#8220; animation_delay=&#8220;100ms&#8220; animation=&#8220;off&#8220; border_radii_image=&#8220;on|14px|14px|14px|14px&#8220; border_width_all_image=&#8220;2px&#8220; border_color_all_image=&#8220;rgba(0,0,0,0.1)&#8220;]<\/p>\n<p>Z existuj\u00faceho internetov\u00e9ho obchodu je mo\u017en\u00e9 naimportova\u0165 karty do oberonu, aj s obr\u00e1zkami, kombin\u00e1ciami, vlastnos\u0165ami a podobne.<\/p>\n<p>[\/et_pb_blurb][\/et_pb_column][\/et_pb_row][\/et_pb_section][et_pb_section fb_built=&#8220;1&#8243; admin_label=&#8220;Download Now&#8220; _builder_version=&#8220;4.4.7&#8243; use_background_color_gradient=&#8220;on&#8220; background_color_gradient_start=&#8220;#552b83&#8243; background_color_gradient_end=&#8220;rgba(79,40,130,0.69)&#8220; background_color_gradient_direction=&#8220;60deg&#8220; custom_padding=&#8220;100px|0px|100px|0px&#8220;][et_pb_row column_structure=&#8220;1_2,1_2&#8243; _builder_version=&#8220;4.5.6&#8243; custom_margin=&#8220;|auto|-23px|auto||&#8220; custom_padding=&#8220;||0px|||&#8220; hover_enabled=&#8220;0&#8243;][et_pb_column type=&#8220;1_2&#8243; _builder_version=&#8220;3.25&#8243; custom_padding=&#8220;120px||120px|&#8220; custom_padding__hover=&#8220;|||&#8220;][et_pb_text _builder_version=&#8220;3.27.4&#8243; text_font=&#8220;||||||||&#8220; text_font_size=&#8220;16px&#8220; text_line_height=&#8220;1.8em&#8220; header_font=&#8220;||||||||&#8220; header_2_font=&#8220;Poppins||||||||&#8220; header_2_font_size=&#8220;28px&#8220; header_2_line_height=&#8220;1.4em&#8220; header_3_font=&#8220;||||||||&#8220; background_layout=&#8220;dark&#8220; max_width=&#8220;700px&#8220; module_alignment=&#8220;center&#8220;]<\/p>\n<h2>Nev\u00e1hajte a otvorte si nov\u00fa pobo\u010dku v ka\u017edom PC a v ka\u017edom mobile na Slovensku!<\/h2>\n<p>Z\u00edskajte plne responz\u00edvny eshop a roz\u0161\u00edrte si va\u0161e podnikanie o ONLINE verziu. Za\u010dnite pred\u00e1va\u0165 mimo V\u00e1\u0161ho mesta, mimo be\u017en\u00fdch otv\u00e1rac\u00edch hod\u00edn a s minimom pr\u00e1ce navy\u0161e. Drviv\u00fa v\u00e4\u010d\u0161inu u\u017e predsa m\u00e1te pripraven\u00fa vo va\u0161om OBERONE&#8230;<\/p>\n<p>[\/et_pb_text][et_pb_button button_url=&#8220;mailto:ivanic@ivanicsro.sk&#8220; button_text=&#8220;m\u00e1m z\u00e1ujem&#8220; button_alignment=&#8220;left&#8220; _builder_version=&#8220;4.4.7&#8243; custom_button=&#8220;on&#8220; button_text_size=&#8220;14px&#8220; button_border_radius=&#8220;6px&#8220; button_letter_spacing=&#8220;1px&#8220; button_font=&#8220;Poppins|600||on|||||&#8220; button_use_icon=&#8220;off&#8220; background_layout=&#8220;dark&#8220; custom_margin=&#8220;|||&#8220; custom_padding=&#8220;20px|30px|20px|30px&#8220; animation_style=&#8220;fade&#8220; button_letter_spacing_hover=&#8220;1px&#8220; button_text_size__hover_enabled=&#8220;off&#8220; button_one_text_size__hover_enabled=&#8220;off&#8220; button_two_text_size__hover_enabled=&#8220;off&#8220; button_text_color__hover_enabled=&#8220;off&#8220; button_one_text_color__hover_enabled=&#8220;off&#8220; button_two_text_color__hover_enabled=&#8220;off&#8220; button_border_width__hover_enabled=&#8220;off&#8220; button_one_border_width__hover_enabled=&#8220;off&#8220; button_two_border_width__hover_enabled=&#8220;off&#8220; button_border_color__hover_enabled=&#8220;off&#8220; button_one_border_color__hover_enabled=&#8220;off&#8220; button_two_border_color__hover_enabled=&#8220;off&#8220; button_border_radius__hover_enabled=&#8220;off&#8220; button_one_border_radius__hover_enabled=&#8220;off&#8220; button_two_border_radius__hover_enabled=&#8220;off&#8220; button_letter_spacing__hover_enabled=&#8220;on&#8220; button_letter_spacing__hover=&#8220;1px&#8220; button_one_letter_spacing__hover_enabled=&#8220;off&#8220; button_two_letter_spacing__hover_enabled=&#8220;off&#8220; button_bg_color__hover_enabled=&#8220;off&#8220; button_one_bg_color__hover_enabled=&#8220;off&#8220; button_two_bg_color__hover_enabled=&#8220;off&#8220;][\/et_pb_button][\/et_pb_column][et_pb_column type=&#8220;1_2&#8243; _builder_version=&#8220;3.25&#8243; custom_padding=&#8220;|||&#8220; custom_padding__hover=&#8220;|||&#8220;][et_pb_image src=&#8220;https:\/\/www.oberonshop.sk\/wp-content\/uploads\/2020\/06\/iphonemockup-1.png&#8220; title_text=&#8220;iphonemockup&#8220; show_bottom_space=&#8220;off&#8220; _builder_version=&#8220;4.4.7&#8243; max_width=&#8220;400px&#8220; module_alignment=&#8220;center&#8220; animation_style=&#8220;slide&#8220; animation_direction=&#8220;left&#8220; animation_intensity_slide=&#8220;10%&#8220; always_center_on_mobile=&#8220;off&#8220;][\/et_pb_image][\/et_pb_column][\/et_pb_row][\/et_pb_section][et_pb_section fb_built=&#8220;1&#8243; admin_label=&#8220;Partners&#8220; _builder_version=&#8220;3.22&#8243; background_size=&#8220;contain&#8220;][et_pb_row column_structure=&#8220;1_3,1_3,1_3&#8243; _builder_version=&#8220;3.25&#8243; custom_padding=&#8220;0px|0px|0px|0px&#8220;][et_pb_column type=&#8220;1_3&#8243; _builder_version=&#8220;3.25&#8243; custom_padding=&#8220;|||&#8220; custom_padding__hover=&#8220;|||&#8220;][et_pb_image src=&#8220;https:\/\/www.oberonshop.sk\/wp-content\/uploads\/2020\/06\/3.png&#8220; title_text=&#8220;3&#8243; align_tablet=&#8220;center&#8220; align_phone=&#8220;&#8220; align_last_edited=&#8220;on|desktop&#8220; admin_label=&#8220;Logo1&#8243; _builder_version=&#8220;4.4.7&#8243; module_alignment=&#8220;center&#8220;][\/et_pb_image][\/et_pb_column][et_pb_column type=&#8220;1_3&#8243; _builder_version=&#8220;3.25&#8243; custom_padding=&#8220;|||&#8220; custom_padding__hover=&#8220;|||&#8220;][et_pb_image src=&#8220;https:\/\/www.oberonshop.sk\/wp-content\/uploads\/2020\/06\/2.png&#8220; title_text=&#8220;2&#8243; align_tablet=&#8220;center&#8220; align_phone=&#8220;&#8220; align_last_edited=&#8220;on|desktop&#8220; admin_label=&#8220;Logo1&#8243; _builder_version=&#8220;4.4.7&#8243; module_alignment=&#8220;center&#8220; locked=&#8220;off&#8220;][\/et_pb_image][\/et_pb_column][et_pb_column type=&#8220;1_3&#8243; _builder_version=&#8220;3.25&#8243; custom_padding=&#8220;|||&#8220; custom_padding__hover=&#8220;|||&#8220;][et_pb_image src=&#8220;https:\/\/www.oberonshop.sk\/wp-content\/uploads\/2020\/06\/1.png&#8220; title_text=&#8220;1&#8243; align_tablet=&#8220;center&#8220; align_phone=&#8220;&#8220; align_last_edited=&#8220;on|desktop&#8220; admin_label=&#8220;Logo1&#8243; _builder_version=&#8220;4.4.7&#8243; module_alignment=&#8220;center&#8220; custom_margin=&#8220;||31px|||&#8220; locked=&#8220;off&#8220;][\/et_pb_image][\/et_pb_column][\/et_pb_row][\/et_pb_section]<\/p>\n","protected":false},"excerpt":{"rendered":"<p>Roz\u0161\u00edrime va\u0161e podnikanie na webOberon + Prestashop pou\u017e\u00edvate \u00fa\u010dtovn\u00fd syst\u00e9m OBERON a chceli by ste Va\u0161e podnikanie roz\u0161\u00edri\u0165 o internetov\u00fd obchod? U n\u00e1s ste na spr\u00e1vnej adrese. \u010co je OBERON a PrestaShop? Oberon je kompletn\u00e1 agenda firmy v jednom programe od firmy EXALOGIC. V programe n\u00e1jdete kompletn\u00fa spr\u00e1vu \u00fa\u010dtovn\u00edctva, skladov\u00fa evidenciu, pokladnicu, spracovanie miezd, hotelov\u00fa [&hellip;]<\/p>\n","protected":false},"author":1,"featured_media":0,"parent":0,"menu_order":0,"comment_status":"closed","ping_status":"closed","template":"","meta":{"_et_pb_use_builder":"on","_et_pb_old_content":"","_et_gb_content_width":""},"_links":{"self":[{"href":"https:\/\/www.oberonshop.sk\/index.php?rest_route=\/wp\/v2\/pages\/29"}],"collection":[{"href":"https:\/\/www.oberonshop.sk\/index.php?rest_route=\/wp\/v2\/pages"}],"about":[{"href":"https:\/\/www.oberonshop.sk\/index.php?rest_route=\/wp\/v2\/types\/page"}],"author":[{"embeddable":true,"href":"https:\/\/www.oberonshop.sk\/index.php?rest_route=\/wp\/v2\/users\/1"}],"replies":[{"embeddable":true,"href":"https:\/\/www.oberonshop.sk\/index.php?rest_route=%2Fwp%2Fv2%2Fcomments&post=29"}],"version-history":[{"count":7,"href":"https:\/\/www.oberonshop.sk\/index.php?rest_route=\/wp\/v2\/pages\/29\/revisions"}],"predecessor-version":[{"id":136,"href":"https:\/\/www.oberonshop.sk\/index.php?rest_route=\/wp\/v2\/pages\/29\/revisions\/136"}],"wp:attachment":[{"href":"https:\/\/www.oberonshop.sk\/index.php?rest_route=%2Fwp%2Fv2%2Fmedia&parent=29"}],"curies":[{"name":"wp","href":"https:\/\/api.w.org\/{rel}","templated":true}]}}